{"id":1528,"date":"2019-05-24T14:42:08","date_gmt":"2019-05-24T14:42:08","guid":{"rendered":"https:\/\/www.cosmel.ca\/?page_id=1528"},"modified":"2020-01-14T18:47:07","modified_gmt":"2020-01-14T18:47:07","slug":"associates","status":"publish","type":"page","link":"https:\/\/www.cosmel.ca\/en\/associates\/","title":{"rendered":"Associates"},"content":{"rendered":"<div class=\"wpb-content-wrapper\"><p>[vc_row][vc_column][vc_column_text]<\/p>\n<h2 class=\"lead\">Our dynamic team is comprised of experts detaining several years of experience.<br \/>\nTwo directors are at the head of Cosmel:<\/h2>\n<p>[\/vc_column_text][\/vc_column][\/vc_row][vc_row full_width=&#8221;stretch_row&#8221;][vc_column width=&#8221;1\/6&#8243;][pikocon_thumbnail css_animation=&#8221;fadeInDown&#8221; font_weight=&#8221;500&#8243; font_size=&#8221;16&#8243; image=&#8221;1507&#8243;][\/pikocon_thumbnail][\/vc_column][vc_column width=&#8221;1\/3&#8243;][vc_column_text]<\/p>\n<h3><mark>Philippe Emery, T.P.<\/mark><\/h3>\n<p class=\"title\"><strong>Title: Electrical Project Manager<br \/>\nCofounder of Cosmel, Associate<\/strong><\/p>\n<p>Philippe holds a degree in Building Systems Technology from the\u00a0<em>Coll\u00e8ge de l\u2019Outaouais<\/em>\u00a0(1999). He has over 20 years of experience in the field of Electrical Consulting. He is bilingual and an active member of the\u00a0<em>Ordre des technologues professionnels du Qu\u00e9bec<\/em>.[\/vc_column_text][\/vc_column][vc_column width=&#8221;1\/6&#8243;][pikocon_thumbnail css_animation=&#8221;fadeInDown&#8221; font_weight=&#8221;500&#8243; font_size=&#8221;16&#8243; sub_title=&#8221;&#8221; image=&#8221;1512&#8243;][\/pikocon_thumbnail][\/vc_column][vc_column width=&#8221;1\/3&#8243;][vc_column_text]<\/p>\n<h3><mark>S\u00e9bastien Boudreault, T.P.<\/mark><\/h3>\n<p class=\"title\"><strong>Title: Mechanical Project Manager<br \/>\nCofounder of Cosmel, Associate<\/strong><\/p>\n<p>S\u00e9bastien holds a degree in Building Systems Technology from the\u00a0<em>Coll\u00e8ge de l\u2019Outaouais<\/em>\u00a0(1997). He has over 21 years of experience in the field of Mechanical Consulting. He is bilingual and an active member of the\u00a0<em>Ordre des technologues professionnels du Qu\u00e9bec<\/em>.[\/vc_column_text][\/vc_column][\/vc_row]<\/p>\n<\/div>","protected":false},"excerpt":{"rendered":"<p>[vc_row][vc_column][vc_column_text] Our dynamic team is comprised of experts detaining several years of experience. Two directors are at the head of Cosmel: [\/vc_column_text][\/vc_column][\/vc_row][vc_row full_width=&#8221;stretch_row&#8221;][vc_column width=&#8221;1\/6&#8243;][pikocon_thumbnail css_animation=&#8221;fadeInDown&#8221; font_weight=&#8221;500&#8243; font_size=&#8221;16&#8243; image=&#8221;1507&#8243;][\/pikocon_thumbnail][\/vc_column][vc_column width=&#8221;1\/3&#8243;][vc_column_text] Philippe Emery, T.P. Title: Electrical Project Manager Cofounder of Cosmel, Associate Philippe holds a degree in Building Systems Technology from the\u00a0Coll\u00e8ge de l\u2019Outaouais\u00a0(1999). He has over<a href=\"https:\/\/www.cosmel.ca\/en\/associates\/\" class=\"more-link\">Read More<\/a><\/p>\n","protected":false},"author":1,"featured_media":0,"parent":0,"menu_order":0,"comment_status":"closed","ping_status":"closed","template":"","meta":{"footnotes":""},"class_list":["post-1528","page","type-page","status-publish","hentry"],"yoast_head":"<!-- This site is optimized with the Yoast SEO plugin v27.4 - https:\/\/yoast.com\/product\/yoast-seo-wordpress\/ -->\n<title>Associates | Cosmel<\/title>\n<meta name=\"robots\" content=\"index, follow, max-snippet:-1, max-image-preview:large, max-video-preview:-1\" \/>\n<link rel=\"canonical\" href=\"https:\/\/www.cosmel.ca\/en\/associates\/\" \/>\n<meta property=\"og:locale\" content=\"en_US\" \/>\n<meta property=\"og:type\" content=\"article\" \/>\n<meta property=\"og:title\" content=\"Associates | Cosmel\" \/>\n<meta property=\"og:description\" content=\"[vc_row][vc_column][vc_column_text] Our dynamic team is comprised of experts detaining several years of experience. Two directors are at the head of Cosmel: [\/vc_column_text][\/vc_column][\/vc_row][vc_row full_width=&#8221;stretch_row&#8221;][vc_column width=&#8221;1\/6&#8243;][pikocon_thumbnail css_animation=&#8221;fadeInDown&#8221; font_weight=&#8221;500&#8243; font_size=&#8221;16&#8243; image=&#8221;1507&#8243;][\/pikocon_thumbnail][\/vc_column][vc_column width=&#8221;1\/3&#8243;][vc_column_text] Philippe Emery, T.P. Title: Electrical Project Manager Cofounder of Cosmel, Associate Philippe holds a degree in Building Systems Technology from the\u00a0Coll\u00e8ge de l\u2019Outaouais\u00a0(1999). He has overRead More\" \/>\n<meta property=\"og:url\" content=\"https:\/\/www.cosmel.ca\/en\/associates\/\" \/>\n<meta property=\"og:site_name\" content=\"Cosmel\" \/>\n<meta property=\"article:modified_time\" content=\"2020-01-14T18:47:07+00:00\" \/>\n<meta name=\"twitter:card\" content=\"summary_large_image\" \/>\n<meta name=\"twitter:label1\" content=\"Est. reading time\" \/>\n\t<meta name=\"twitter:data1\" content=\"1 minute\" \/>\n<script type=\"application\/ld+json\" class=\"yoast-schema-graph\">{\"@context\":\"https:\\\/\\\/schema.org\",\"@graph\":[{\"@type\":\"WebPage\",\"@id\":\"https:\\\/\\\/www.cosmel.ca\\\/en\\\/associates\\\/\",\"url\":\"https:\\\/\\\/www.cosmel.ca\\\/en\\\/associates\\\/\",\"name\":\"Associates | Cosmel\",\"isPartOf\":{\"@id\":\"https:\\\/\\\/www.cosmel.ca\\\/en\\\/#website\"},\"datePublished\":\"2019-05-24T14:42:08+00:00\",\"dateModified\":\"2020-01-14T18:47:07+00:00\",\"breadcrumb\":{\"@id\":\"https:\\\/\\\/www.cosmel.ca\\\/en\\\/associates\\\/#breadcrumb\"},\"inLanguage\":\"en-US\",\"potentialAction\":[{\"@type\":\"ReadAction\",\"target\":[\"https:\\\/\\\/www.cosmel.ca\\\/en\\\/associates\\\/\"]}]},{\"@type\":\"BreadcrumbList\",\"@id\":\"https:\\\/\\\/www.cosmel.ca\\\/en\\\/associates\\\/#breadcrumb\",\"itemListElement\":[{\"@type\":\"ListItem\",\"position\":1,\"name\":\"Accueil\",\"item\":\"https:\\\/\\\/www.cosmel.ca\\\/en\\\/accueil\\\/\"},{\"@type\":\"ListItem\",\"position\":2,\"name\":\"Associates\"}]},{\"@type\":\"WebSite\",\"@id\":\"https:\\\/\\\/www.cosmel.ca\\\/en\\\/#website\",\"url\":\"https:\\\/\\\/www.cosmel.ca\\\/en\\\/\",\"name\":\"Cosmel\",\"description\":\"Consultation et l\u2019ing\u00e9nierie des syst\u00e8mes m\u00e9caniques et \u00e9lectriques\",\"publisher\":{\"@id\":\"https:\\\/\\\/www.cosmel.ca\\\/en\\\/#organization\"},\"potentialAction\":[{\"@type\":\"SearchAction\",\"target\":{\"@type\":\"EntryPoint\",\"urlTemplate\":\"https:\\\/\\\/www.cosmel.ca\\\/en\\\/?s={search_term_string}\"},\"query-input\":{\"@type\":\"PropertyValueSpecification\",\"valueRequired\":true,\"valueName\":\"search_term_string\"}}],\"inLanguage\":\"en-US\"},{\"@type\":\"Organization\",\"@id\":\"https:\\\/\\\/www.cosmel.ca\\\/en\\\/#organization\",\"name\":\"Cosmel\",\"url\":\"https:\\\/\\\/www.cosmel.ca\\\/en\\\/\",\"logo\":{\"@type\":\"ImageObject\",\"inLanguage\":\"en-US\",\"@id\":\"https:\\\/\\\/www.cosmel.ca\\\/en\\\/#\\\/schema\\\/logo\\\/image\\\/\",\"url\":\"https:\\\/\\\/www.cosmel.ca\\\/wp-content\\\/uploads\\\/2019\\\/05\\\/logo.png\",\"contentUrl\":\"https:\\\/\\\/www.cosmel.ca\\\/wp-content\\\/uploads\\\/2019\\\/05\\\/logo.png\",\"width\":200,\"height\":67,\"caption\":\"Cosmel\"},\"image\":{\"@id\":\"https:\\\/\\\/www.cosmel.ca\\\/en\\\/#\\\/schema\\\/logo\\\/image\\\/\"}}]}<\/script>\n<!-- \/ Yoast SEO plugin. -->","yoast_head_json":{"title":"Associates | Cosmel","robots":{"index":"index","follow":"follow","max-snippet":"max-snippet:-1","max-image-preview":"max-image-preview:large","max-video-preview":"max-video-preview:-1"},"canonical":"https:\/\/www.cosmel.ca\/en\/associates\/","og_locale":"en_US","og_type":"article","og_title":"Associates | Cosmel","og_description":"[vc_row][vc_column][vc_column_text] Our dynamic team is comprised of experts detaining several years of experience. Two directors are at the head of Cosmel: [\/vc_column_text][\/vc_column][\/vc_row][vc_row full_width=&#8221;stretch_row&#8221;][vc_column width=&#8221;1\/6&#8243;][pikocon_thumbnail css_animation=&#8221;fadeInDown&#8221; font_weight=&#8221;500&#8243; font_size=&#8221;16&#8243; image=&#8221;1507&#8243;][\/pikocon_thumbnail][\/vc_column][vc_column width=&#8221;1\/3&#8243;][vc_column_text] Philippe Emery, T.P. Title: Electrical Project Manager Cofounder of Cosmel, Associate Philippe holds a degree in Building Systems Technology from the\u00a0Coll\u00e8ge de l\u2019Outaouais\u00a0(1999). He has overRead More","og_url":"https:\/\/www.cosmel.ca\/en\/associates\/","og_site_name":"Cosmel","article_modified_time":"2020-01-14T18:47:07+00:00","twitter_card":"summary_large_image","twitter_misc":{"Est. reading time":"1 minute"},"schema":{"@context":"https:\/\/schema.org","@graph":[{"@type":"WebPage","@id":"https:\/\/www.cosmel.ca\/en\/associates\/","url":"https:\/\/www.cosmel.ca\/en\/associates\/","name":"Associates | Cosmel","isPartOf":{"@id":"https:\/\/www.cosmel.ca\/en\/#website"},"datePublished":"2019-05-24T14:42:08+00:00","dateModified":"2020-01-14T18:47:07+00:00","breadcrumb":{"@id":"https:\/\/www.cosmel.ca\/en\/associates\/#breadcrumb"},"inLanguage":"en-US","potentialAction":[{"@type":"ReadAction","target":["https:\/\/www.cosmel.ca\/en\/associates\/"]}]},{"@type":"BreadcrumbList","@id":"https:\/\/www.cosmel.ca\/en\/associates\/#breadcrumb","itemListElement":[{"@type":"ListItem","position":1,"name":"Accueil","item":"https:\/\/www.cosmel.ca\/en\/accueil\/"},{"@type":"ListItem","position":2,"name":"Associates"}]},{"@type":"WebSite","@id":"https:\/\/www.cosmel.ca\/en\/#website","url":"https:\/\/www.cosmel.ca\/en\/","name":"Cosmel","description":"Consultation et l\u2019ing\u00e9nierie des syst\u00e8mes m\u00e9caniques et \u00e9lectriques","publisher":{"@id":"https:\/\/www.cosmel.ca\/en\/#organization"},"potentialAction":[{"@type":"SearchAction","target":{"@type":"EntryPoint","urlTemplate":"https:\/\/www.cosmel.ca\/en\/?s={search_term_string}"},"query-input":{"@type":"PropertyValueSpecification","valueRequired":true,"valueName":"search_term_string"}}],"inLanguage":"en-US"},{"@type":"Organization","@id":"https:\/\/www.cosmel.ca\/en\/#organization","name":"Cosmel","url":"https:\/\/www.cosmel.ca\/en\/","logo":{"@type":"ImageObject","inLanguage":"en-US","@id":"https:\/\/www.cosmel.ca\/en\/#\/schema\/logo\/image\/","url":"https:\/\/www.cosmel.ca\/wp-content\/uploads\/2019\/05\/logo.png","contentUrl":"https:\/\/www.cosmel.ca\/wp-content\/uploads\/2019\/05\/logo.png","width":200,"height":67,"caption":"Cosmel"},"image":{"@id":"https:\/\/www.cosmel.ca\/en\/#\/schema\/logo\/image\/"}}]}},"_links":{"self":[{"href":"https:\/\/www.cosmel.ca\/en\/wp-json\/wp\/v2\/pages\/1528","targetHints":{"allow":["GET"]}}],"collection":[{"href":"https:\/\/www.cosmel.ca\/en\/wp-json\/wp\/v2\/pages"}],"about":[{"href":"https:\/\/www.cosmel.ca\/en\/wp-json\/wp\/v2\/types\/page"}],"author":[{"embeddable":true,"href":"https:\/\/www.cosmel.ca\/en\/wp-json\/wp\/v2\/users\/1"}],"replies":[{"embeddable":true,"href":"https:\/\/www.cosmel.ca\/en\/wp-json\/wp\/v2\/comments?post=1528"}],"version-history":[{"count":4,"href":"https:\/\/www.cosmel.ca\/en\/wp-json\/wp\/v2\/pages\/1528\/revisions"}],"predecessor-version":[{"id":1803,"href":"https:\/\/www.cosmel.ca\/en\/wp-json\/wp\/v2\/pages\/1528\/revisions\/1803"}],"wp:attachment":[{"href":"https:\/\/www.cosmel.ca\/en\/wp-json\/wp\/v2\/media?parent=1528"}],"curies":[{"name":"wp","href":"https:\/\/api.w.org\/{rel}","templated":true}]}}