{"id":1323,"date":"2019-05-23T13:38:58","date_gmt":"2019-05-23T13:38:58","guid":{"rendered":"https:\/\/www.cosmel.ca\/?page_id=1323"},"modified":"2020-01-14T18:19:42","modified_gmt":"2020-01-14T18:19:42","slug":"career","status":"publish","type":"page","link":"https:\/\/www.cosmel.ca\/en\/career\/","title":{"rendered":"Career"},"content":{"rendered":"<div class=\"wpb-content-wrapper\"><p>[vc_row][vc_column width=&#8221;2\/3&#8243;][vc_column_text]<strong>Looking for a job that will put your talents and knowledge to the test?<\/strong><br \/>\nWant to join a dynamic team offering real challenges? Send us your resume at the following address:\u00a0<a href=\"mailto:info@cosmel.ca\">info@cosmel.ca<\/a>[\/vc_column_text][vc_empty_space][vc_column_text]<\/p>\n<h2><span style=\"color: 45be55;\">Jobs currently available<\/span><\/h2>\n<ul>\n<li><strong>Electrical Engineer<\/strong><\/li>\n<li><strong>Mechanical Engineer<\/strong><\/li>\n<li><strong>Mechanical Technician<\/strong><\/li>\n<li><strong>Electrical Technician<\/strong><\/li>\n<\/ul>\n<p>[\/vc_column_text][\/vc_column][vc_column width=&#8221;1\/3&#8243;]\n<div class=\"wpcf7 no-js\" id=\"wpcf7-f1799-o1\" lang=\"\" dir=\"ltr\" data-wpcf7-id=\"1799\">\n<div class=\"screen-reader-response\"><p role=\"status\" aria-live=\"polite\" aria-atomic=\"true\"><\/p> <ul><\/ul><\/div>\n<form action=\"\/en\/wp-json\/wp\/v2\/pages\/1323#wpcf7-f1799-o1\" method=\"post\" class=\"wpcf7-form init\" aria-label=\"Contact form\" novalidate=\"novalidate\" data-status=\"init\">\n<fieldset class=\"hidden-fields-container\"><input type=\"hidden\" name=\"_wpcf7\" value=\"1799\" \/><input type=\"hidden\" name=\"_wpcf7_version\" value=\"6.1.5\" \/><input type=\"hidden\" name=\"_wpcf7_locale\" value=\"\" \/><input type=\"hidden\" name=\"_wpcf7_unit_tag\" value=\"wpcf7-f1799-o1\" \/><input type=\"hidden\" name=\"_wpcf7_container_post\" value=\"0\" \/><input type=\"hidden\" name=\"_wpcf7_posted_data_hash\" value=\"\" \/><input type=\"hidden\" name=\"_wpcf7_recaptcha_response\" value=\"\" \/>\n<\/fieldset>\n<p><label> Name<br \/>\n<span class=\"wpcf7-form-control-wrap\" data-name=\"your-name\"><input size=\"40\" maxlength=\"400\" class=\"wpcf7-form-control wpcf7-text wpcf7-validates-as-required\" aria-required=\"true\" aria-invalid=\"false\" value=\"\" type=\"text\" name=\"your-name\" \/><\/span> <\/label>\n<\/p>\n<p><label> Email<br \/>\n<span class=\"wpcf7-form-control-wrap\" data-name=\"your-email\"><input size=\"40\" maxlength=\"400\" class=\"wpcf7-form-control wpcf7-email wpcf7-validates-as-required wpcf7-text wpcf7-validates-as-email\" aria-required=\"true\" aria-invalid=\"false\" value=\"\" type=\"email\" name=\"your-email\" \/><\/span> <\/label>\n<\/p>\n<p><label> Subject<br \/>\n<span class=\"wpcf7-form-control-wrap\" data-name=\"your-subject\"><input size=\"40\" maxlength=\"400\" class=\"wpcf7-form-control wpcf7-text\" aria-invalid=\"false\" value=\"\" type=\"text\" name=\"your-subject\" \/><\/span> <\/label>\n<\/p>\n<p><label> Message<br \/>\n<span class=\"wpcf7-form-control-wrap\" data-name=\"your-message\"><textarea cols=\"40\" rows=\"10\" maxlength=\"2000\" class=\"wpcf7-form-control wpcf7-textarea\" aria-invalid=\"false\" name=\"your-message\"><\/textarea><\/span> <\/label>\n<\/p>\n<p><input class=\"wpcf7-form-control wpcf7-submit has-spinner\" type=\"submit\" value=\"Send\" \/>\n<\/p><div class=\"wpcf7-response-output\" aria-hidden=\"true\"><\/div>\n<\/form>\n<\/div>\n[\/vc_column][\/vc_row]<\/p>\n<\/div>","protected":false},"excerpt":{"rendered":"<p>[vc_row][vc_column width=&#8221;2\/3&#8243;][vc_column_text]Looking for a job that will put your talents and knowledge to the test? Want to join a dynamic team offering real challenges? Send us your resume at the following address:\u00a0info@cosmel.ca[\/vc_column_text][vc_empty_space][vc_column_text] Jobs currently available Electrical Engineer Mechanical Engineer Mechanical Technician Electrical Technician [\/vc_column_text][\/vc_column][vc_column width=&#8221;1\/3&#8243;][\/vc_column][\/vc_row]<\/p>\n","protected":false},"author":1,"featured_media":0,"parent":0,"menu_order":0,"comment_status":"closed","ping_status":"closed","template":"","meta":{"footnotes":""},"class_list":["post-1323","page","type-page","status-publish","hentry"],"yoast_head":"<!-- This site is optimized with the Yoast SEO plugin v27.4 - https:\/\/yoast.com\/product\/yoast-seo-wordpress\/ -->\n<title>Career | Cosmel<\/title>\n<meta name=\"robots\" content=\"index, follow, max-snippet:-1, max-image-preview:large, max-video-preview:-1\" \/>\n<link rel=\"canonical\" href=\"https:\/\/www.cosmel.ca\/en\/career\/\" \/>\n<meta property=\"og:locale\" content=\"en_US\" \/>\n<meta property=\"og:type\" content=\"article\" \/>\n<meta property=\"og:title\" content=\"Career | Cosmel\" \/>\n<meta property=\"og:description\" content=\"[vc_row][vc_column width=&#8221;2\/3&#8243;][vc_column_text]Looking for a job that will put your talents and knowledge to the test? Want to join a dynamic team offering real challenges? Send us your resume at the following address:\u00a0info@cosmel.ca[\/vc_column_text][vc_empty_space][vc_column_text] Jobs currently available Electrical Engineer Mechanical Engineer Mechanical Technician Electrical Technician [\/vc_column_text][\/vc_column][vc_column width=&#8221;1\/3&#8243;][\/vc_column][\/vc_row]\" \/>\n<meta property=\"og:url\" content=\"https:\/\/www.cosmel.ca\/en\/career\/\" \/>\n<meta property=\"og:site_name\" content=\"Cosmel\" \/>\n<meta property=\"article:modified_time\" content=\"2020-01-14T18:19:42+00:00\" \/>\n<meta name=\"twitter:card\" content=\"summary_large_image\" \/>\n<script type=\"application\/ld+json\" class=\"yoast-schema-graph\">{\"@context\":\"https:\\\/\\\/schema.org\",\"@graph\":[{\"@type\":\"WebPage\",\"@id\":\"https:\\\/\\\/www.cosmel.ca\\\/en\\\/career\\\/\",\"url\":\"https:\\\/\\\/www.cosmel.ca\\\/en\\\/career\\\/\",\"name\":\"Career | Cosmel\",\"isPartOf\":{\"@id\":\"https:\\\/\\\/www.cosmel.ca\\\/en\\\/#website\"},\"datePublished\":\"2019-05-23T13:38:58+00:00\",\"dateModified\":\"2020-01-14T18:19:42+00:00\",\"breadcrumb\":{\"@id\":\"https:\\\/\\\/www.cosmel.ca\\\/en\\\/career\\\/#breadcrumb\"},\"inLanguage\":\"en-US\",\"potentialAction\":[{\"@type\":\"ReadAction\",\"target\":[\"https:\\\/\\\/www.cosmel.ca\\\/en\\\/career\\\/\"]}]},{\"@type\":\"BreadcrumbList\",\"@id\":\"https:\\\/\\\/www.cosmel.ca\\\/en\\\/career\\\/#breadcrumb\",\"itemListElement\":[{\"@type\":\"ListItem\",\"position\":1,\"name\":\"Accueil\",\"item\":\"https:\\\/\\\/www.cosmel.ca\\\/en\\\/accueil\\\/\"},{\"@type\":\"ListItem\",\"position\":2,\"name\":\"Career\"}]},{\"@type\":\"WebSite\",\"@id\":\"https:\\\/\\\/www.cosmel.ca\\\/en\\\/#website\",\"url\":\"https:\\\/\\\/www.cosmel.ca\\\/en\\\/\",\"name\":\"Cosmel\",\"description\":\"Consultation et l\u2019ing\u00e9nierie des syst\u00e8mes m\u00e9caniques et \u00e9lectriques\",\"publisher\":{\"@id\":\"https:\\\/\\\/www.cosmel.ca\\\/en\\\/#organization\"},\"potentialAction\":[{\"@type\":\"SearchAction\",\"target\":{\"@type\":\"EntryPoint\",\"urlTemplate\":\"https:\\\/\\\/www.cosmel.ca\\\/en\\\/?s={search_term_string}\"},\"query-input\":{\"@type\":\"PropertyValueSpecification\",\"valueRequired\":true,\"valueName\":\"search_term_string\"}}],\"inLanguage\":\"en-US\"},{\"@type\":\"Organization\",\"@id\":\"https:\\\/\\\/www.cosmel.ca\\\/en\\\/#organization\",\"name\":\"Cosmel\",\"url\":\"https:\\\/\\\/www.cosmel.ca\\\/en\\\/\",\"logo\":{\"@type\":\"ImageObject\",\"inLanguage\":\"en-US\",\"@id\":\"https:\\\/\\\/www.cosmel.ca\\\/en\\\/#\\\/schema\\\/logo\\\/image\\\/\",\"url\":\"https:\\\/\\\/www.cosmel.ca\\\/wp-content\\\/uploads\\\/2019\\\/05\\\/logo.png\",\"contentUrl\":\"https:\\\/\\\/www.cosmel.ca\\\/wp-content\\\/uploads\\\/2019\\\/05\\\/logo.png\",\"width\":200,\"height\":67,\"caption\":\"Cosmel\"},\"image\":{\"@id\":\"https:\\\/\\\/www.cosmel.ca\\\/en\\\/#\\\/schema\\\/logo\\\/image\\\/\"}}]}<\/script>\n<!-- \/ Yoast SEO plugin. -->","yoast_head_json":{"title":"Career | Cosmel","robots":{"index":"index","follow":"follow","max-snippet":"max-snippet:-1","max-image-preview":"max-image-preview:large","max-video-preview":"max-video-preview:-1"},"canonical":"https:\/\/www.cosmel.ca\/en\/career\/","og_locale":"en_US","og_type":"article","og_title":"Career | Cosmel","og_description":"[vc_row][vc_column width=&#8221;2\/3&#8243;][vc_column_text]Looking for a job that will put your talents and knowledge to the test? Want to join a dynamic team offering real challenges? Send us your resume at the following address:\u00a0info@cosmel.ca[\/vc_column_text][vc_empty_space][vc_column_text] Jobs currently available Electrical Engineer Mechanical Engineer Mechanical Technician Electrical Technician [\/vc_column_text][\/vc_column][vc_column width=&#8221;1\/3&#8243;][\/vc_column][\/vc_row]","og_url":"https:\/\/www.cosmel.ca\/en\/career\/","og_site_name":"Cosmel","article_modified_time":"2020-01-14T18:19:42+00:00","twitter_card":"summary_large_image","schema":{"@context":"https:\/\/schema.org","@graph":[{"@type":"WebPage","@id":"https:\/\/www.cosmel.ca\/en\/career\/","url":"https:\/\/www.cosmel.ca\/en\/career\/","name":"Career | Cosmel","isPartOf":{"@id":"https:\/\/www.cosmel.ca\/en\/#website"},"datePublished":"2019-05-23T13:38:58+00:00","dateModified":"2020-01-14T18:19:42+00:00","breadcrumb":{"@id":"https:\/\/www.cosmel.ca\/en\/career\/#breadcrumb"},"inLanguage":"en-US","potentialAction":[{"@type":"ReadAction","target":["https:\/\/www.cosmel.ca\/en\/career\/"]}]},{"@type":"BreadcrumbList","@id":"https:\/\/www.cosmel.ca\/en\/career\/#breadcrumb","itemListElement":[{"@type":"ListItem","position":1,"name":"Accueil","item":"https:\/\/www.cosmel.ca\/en\/accueil\/"},{"@type":"ListItem","position":2,"name":"Career"}]},{"@type":"WebSite","@id":"https:\/\/www.cosmel.ca\/en\/#website","url":"https:\/\/www.cosmel.ca\/en\/","name":"Cosmel","description":"Consultation et l\u2019ing\u00e9nierie des syst\u00e8mes m\u00e9caniques et \u00e9lectriques","publisher":{"@id":"https:\/\/www.cosmel.ca\/en\/#organization"},"potentialAction":[{"@type":"SearchAction","target":{"@type":"EntryPoint","urlTemplate":"https:\/\/www.cosmel.ca\/en\/?s={search_term_string}"},"query-input":{"@type":"PropertyValueSpecification","valueRequired":true,"valueName":"search_term_string"}}],"inLanguage":"en-US"},{"@type":"Organization","@id":"https:\/\/www.cosmel.ca\/en\/#organization","name":"Cosmel","url":"https:\/\/www.cosmel.ca\/en\/","logo":{"@type":"ImageObject","inLanguage":"en-US","@id":"https:\/\/www.cosmel.ca\/en\/#\/schema\/logo\/image\/","url":"https:\/\/www.cosmel.ca\/wp-content\/uploads\/2019\/05\/logo.png","contentUrl":"https:\/\/www.cosmel.ca\/wp-content\/uploads\/2019\/05\/logo.png","width":200,"height":67,"caption":"Cosmel"},"image":{"@id":"https:\/\/www.cosmel.ca\/en\/#\/schema\/logo\/image\/"}}]}},"_links":{"self":[{"href":"https:\/\/www.cosmel.ca\/en\/wp-json\/wp\/v2\/pages\/1323","targetHints":{"allow":["GET"]}}],"collection":[{"href":"https:\/\/www.cosmel.ca\/en\/wp-json\/wp\/v2\/pages"}],"about":[{"href":"https:\/\/www.cosmel.ca\/en\/wp-json\/wp\/v2\/types\/page"}],"author":[{"embeddable":true,"href":"https:\/\/www.cosmel.ca\/en\/wp-json\/wp\/v2\/users\/1"}],"replies":[{"embeddable":true,"href":"https:\/\/www.cosmel.ca\/en\/wp-json\/wp\/v2\/comments?post=1323"}],"version-history":[{"count":2,"href":"https:\/\/www.cosmel.ca\/en\/wp-json\/wp\/v2\/pages\/1323\/revisions"}],"predecessor-version":[{"id":1800,"href":"https:\/\/www.cosmel.ca\/en\/wp-json\/wp\/v2\/pages\/1323\/revisions\/1800"}],"wp:attachment":[{"href":"https:\/\/www.cosmel.ca\/en\/wp-json\/wp\/v2\/media?parent=1323"}],"curies":[{"name":"wp","href":"https:\/\/api.w.org\/{rel}","templated":true}]}}