{"id":1169,"date":"2019-05-23T13:03:58","date_gmt":"2019-05-23T13:03:58","guid":{"rendered":"https:\/\/www.cosmel.ca\/?page_id=1169"},"modified":"2020-01-14T18:52:00","modified_gmt":"2020-01-14T18:52:00","slug":"additional-services","status":"publish","type":"page","link":"https:\/\/www.cosmel.ca\/en\/company\/additional-services\/","title":{"rendered":"Additional services"},"content":{"rendered":"<div class=\"wpb-content-wrapper\"><p>[vc_row][vc_column][vc_column_text]<span style=\"font-weight: 400;\">In addition of being your electromechanical design specialist, our team offers exclusive and complementary services that go beyond basic services to better serve you. From administration to design, project management, layout, customer service, site supervision and construction management.<\/span><span style=\"font-weight: 400;\">\u00a0<\/span><\/p>\n<p><span style=\"font-weight: 400;\">Our team also offers the possibility of obtaining a LEED\u00ae certification with already several achievements in its portfolio: AGORA Urban Village obtaining a LEED and WELL accreditation with ventilation, lighting and plumbing systems with a 21%<\/span> <span style=\"font-weight: 400;\">saving of costs in building performance. The new Brookfield ENERGY building located at 41, Victoria Street, Gatineau, accredited LEED SILVER for the management of a support program for energy efficiency projects.<\/span><span style=\"font-weight: 400;\">\u00a0<\/span><\/p>\n<p><span style=\"font-weight: 400;\">We are continually striving to help achieve key objectives by focusing on the energy and economic performance report to obtain energy-efficient accreditations by promoting the most sustainable solutions.<\/span>[\/vc_column_text][vc_single_image image=&#8221;248&#8243; img_size=&#8221;full&#8221;][pikocon_title type=&#8221;sub_title&#8221; title=&#8221;COMLIMENTARY SERVICES&#8221;][\/vc_column][\/vc_row][vc_row][vc_column width=&#8221;1\/2&#8243;][vc_column_text]<\/p>\n<ul class=\"arrow no-border\">\n<li class=\"odd\">Empower Program for Building Optimization (Hydro-Qu\u00e9bec)<\/li>\n<li class=\"even\">Technical Surveys of Existing Installations<\/li>\n<li class=\"odd\">Computer Aided Drafting (CAD)<\/li>\n<li class=\"even\">Feasibility Studies<\/li>\n<li class=\"odd\">Energy Audits<\/li>\n<li class=\"even\">Investigation Reports (I &amp; R)<\/li>\n<li class=\"odd\">Investigation Analysis Reports (IAR)<\/li>\n<li class=\"even\">Construction Project Management<\/li>\n<li class=\"odd\">Technical Planning<\/li>\n<\/ul>\n<p>[\/vc_column_text][\/vc_column][vc_column width=&#8221;1\/2&#8243;][vc_column_text]<\/p>\n<ul class=\"arrow no-border\">\n<li class=\"even\">Budget and Cost Estimate Planning<\/li>\n<li class=\"odd\">Site Supervision<\/li>\n<li class=\"even\">Commissioning of Mechanical and Electrical Systems<\/li>\n<li class=\"odd\">Staff Training<\/li>\n<li class=\"even\">Operations and Maintenance Manuals<\/li>\n<li class=\"odd\">As-Built Drawings<\/li>\n<li class=\"even\">Technical Assistance<\/li>\n<li class=\"odd\">Monitoring and Optimizing of System Performances<\/li>\n<\/ul>\n<p>[\/vc_column_text][\/vc_column][\/vc_row]<\/p>\n<\/div>","protected":false},"excerpt":{"rendered":"<p>[vc_row][vc_column][vc_column_text]In addition of being your electromechanical design specialist, our team offers exclusive and complementary services that go beyond basic services to better serve you. From administration to design, project management, layout, customer service, site supervision and construction management.\u00a0 Our team also offers the possibility of obtaining a LEED\u00ae certification with already several achievements in its<a href=\"https:\/\/www.cosmel.ca\/en\/company\/additional-services\/\" class=\"more-link\">Read More<\/a><\/p>\n","protected":false},"author":1,"featured_media":0,"parent":1154,"menu_order":0,"comment_status":"closed","ping_status":"closed","template":"page-templates\/left-sidebar.php","meta":{"footnotes":""},"class_list":["post-1169","page","type-page","status-publish","hentry"],"yoast_head":"<!-- This site is optimized with the Yoast SEO plugin v27.4 - https:\/\/yoast.com\/product\/yoast-seo-wordpress\/ -->\n<title>Additional services | Cosmel<\/title>\n<meta name=\"robots\" content=\"index, follow, max-snippet:-1, max-image-preview:large, max-video-preview:-1\" \/>\n<link rel=\"canonical\" href=\"https:\/\/www.cosmel.ca\/en\/company\/additional-services\/\" \/>\n<meta property=\"og:locale\" content=\"en_US\" \/>\n<meta property=\"og:type\" content=\"article\" \/>\n<meta property=\"og:title\" content=\"Additional services | Cosmel\" \/>\n<meta property=\"og:description\" content=\"[vc_row][vc_column][vc_column_text]In addition of being your electromechanical design specialist, our team offers exclusive and complementary services that go beyond basic services to better serve you. From administration to design, project management, layout, customer service, site supervision and construction management.\u00a0 Our team also offers the possibility of obtaining a LEED\u00ae certification with already several achievements in itsRead More\" \/>\n<meta property=\"og:url\" content=\"https:\/\/www.cosmel.ca\/en\/company\/additional-services\/\" \/>\n<meta property=\"og:site_name\" content=\"Cosmel\" \/>\n<meta property=\"article:modified_time\" content=\"2020-01-14T18:52:00+00:00\" \/>\n<meta name=\"twitter:card\" content=\"summary_large_image\" \/>\n<meta name=\"twitter:label1\" content=\"Est. reading time\" \/>\n\t<meta name=\"twitter:data1\" content=\"1 minute\" \/>\n<script type=\"application\/ld+json\" class=\"yoast-schema-graph\">{\"@context\":\"https:\\\/\\\/schema.org\",\"@graph\":[{\"@type\":\"WebPage\",\"@id\":\"https:\\\/\\\/www.cosmel.ca\\\/en\\\/company\\\/additional-services\\\/\",\"url\":\"https:\\\/\\\/www.cosmel.ca\\\/en\\\/company\\\/additional-services\\\/\",\"name\":\"Additional services | Cosmel\",\"isPartOf\":{\"@id\":\"https:\\\/\\\/www.cosmel.ca\\\/en\\\/#website\"},\"datePublished\":\"2019-05-23T13:03:58+00:00\",\"dateModified\":\"2020-01-14T18:52:00+00:00\",\"breadcrumb\":{\"@id\":\"https:\\\/\\\/www.cosmel.ca\\\/en\\\/company\\\/additional-services\\\/#breadcrumb\"},\"inLanguage\":\"en-US\",\"potentialAction\":[{\"@type\":\"ReadAction\",\"target\":[\"https:\\\/\\\/www.cosmel.ca\\\/en\\\/company\\\/additional-services\\\/\"]}]},{\"@type\":\"BreadcrumbList\",\"@id\":\"https:\\\/\\\/www.cosmel.ca\\\/en\\\/company\\\/additional-services\\\/#breadcrumb\",\"itemListElement\":[{\"@type\":\"ListItem\",\"position\":1,\"name\":\"Accueil\",\"item\":\"https:\\\/\\\/www.cosmel.ca\\\/en\\\/accueil\\\/\"},{\"@type\":\"ListItem\",\"position\":2,\"name\":\"Company\",\"item\":\"https:\\\/\\\/www.cosmel.ca\\\/en\\\/company\\\/\"},{\"@type\":\"ListItem\",\"position\":3,\"name\":\"Additional services\"}]},{\"@type\":\"WebSite\",\"@id\":\"https:\\\/\\\/www.cosmel.ca\\\/en\\\/#website\",\"url\":\"https:\\\/\\\/www.cosmel.ca\\\/en\\\/\",\"name\":\"Cosmel\",\"description\":\"Consultation et l\u2019ing\u00e9nierie des syst\u00e8mes m\u00e9caniques et \u00e9lectriques\",\"publisher\":{\"@id\":\"https:\\\/\\\/www.cosmel.ca\\\/en\\\/#organization\"},\"potentialAction\":[{\"@type\":\"SearchAction\",\"target\":{\"@type\":\"EntryPoint\",\"urlTemplate\":\"https:\\\/\\\/www.cosmel.ca\\\/en\\\/?s={search_term_string}\"},\"query-input\":{\"@type\":\"PropertyValueSpecification\",\"valueRequired\":true,\"valueName\":\"search_term_string\"}}],\"inLanguage\":\"en-US\"},{\"@type\":\"Organization\",\"@id\":\"https:\\\/\\\/www.cosmel.ca\\\/en\\\/#organization\",\"name\":\"Cosmel\",\"url\":\"https:\\\/\\\/www.cosmel.ca\\\/en\\\/\",\"logo\":{\"@type\":\"ImageObject\",\"inLanguage\":\"en-US\",\"@id\":\"https:\\\/\\\/www.cosmel.ca\\\/en\\\/#\\\/schema\\\/logo\\\/image\\\/\",\"url\":\"https:\\\/\\\/www.cosmel.ca\\\/wp-content\\\/uploads\\\/2019\\\/05\\\/logo.png\",\"contentUrl\":\"https:\\\/\\\/www.cosmel.ca\\\/wp-content\\\/uploads\\\/2019\\\/05\\\/logo.png\",\"width\":200,\"height\":67,\"caption\":\"Cosmel\"},\"image\":{\"@id\":\"https:\\\/\\\/www.cosmel.ca\\\/en\\\/#\\\/schema\\\/logo\\\/image\\\/\"}}]}<\/script>\n<!-- \/ Yoast SEO plugin. -->","yoast_head_json":{"title":"Additional services | Cosmel","robots":{"index":"index","follow":"follow","max-snippet":"max-snippet:-1","max-image-preview":"max-image-preview:large","max-video-preview":"max-video-preview:-1"},"canonical":"https:\/\/www.cosmel.ca\/en\/company\/additional-services\/","og_locale":"en_US","og_type":"article","og_title":"Additional services | Cosmel","og_description":"[vc_row][vc_column][vc_column_text]In addition of being your electromechanical design specialist, our team offers exclusive and complementary services that go beyond basic services to better serve you. From administration to design, project management, layout, customer service, site supervision and construction management.\u00a0 Our team also offers the possibility of obtaining a LEED\u00ae certification with already several achievements in itsRead More","og_url":"https:\/\/www.cosmel.ca\/en\/company\/additional-services\/","og_site_name":"Cosmel","article_modified_time":"2020-01-14T18:52:00+00:00","twitter_card":"summary_large_image","twitter_misc":{"Est. reading time":"1 minute"},"schema":{"@context":"https:\/\/schema.org","@graph":[{"@type":"WebPage","@id":"https:\/\/www.cosmel.ca\/en\/company\/additional-services\/","url":"https:\/\/www.cosmel.ca\/en\/company\/additional-services\/","name":"Additional services | Cosmel","isPartOf":{"@id":"https:\/\/www.cosmel.ca\/en\/#website"},"datePublished":"2019-05-23T13:03:58+00:00","dateModified":"2020-01-14T18:52:00+00:00","breadcrumb":{"@id":"https:\/\/www.cosmel.ca\/en\/company\/additional-services\/#breadcrumb"},"inLanguage":"en-US","potentialAction":[{"@type":"ReadAction","target":["https:\/\/www.cosmel.ca\/en\/company\/additional-services\/"]}]},{"@type":"BreadcrumbList","@id":"https:\/\/www.cosmel.ca\/en\/company\/additional-services\/#breadcrumb","itemListElement":[{"@type":"ListItem","position":1,"name":"Accueil","item":"https:\/\/www.cosmel.ca\/en\/accueil\/"},{"@type":"ListItem","position":2,"name":"Company","item":"https:\/\/www.cosmel.ca\/en\/company\/"},{"@type":"ListItem","position":3,"name":"Additional services"}]},{"@type":"WebSite","@id":"https:\/\/www.cosmel.ca\/en\/#website","url":"https:\/\/www.cosmel.ca\/en\/","name":"Cosmel","description":"Consultation et l\u2019ing\u00e9nierie des syst\u00e8mes m\u00e9caniques et \u00e9lectriques","publisher":{"@id":"https:\/\/www.cosmel.ca\/en\/#organization"},"potentialAction":[{"@type":"SearchAction","target":{"@type":"EntryPoint","urlTemplate":"https:\/\/www.cosmel.ca\/en\/?s={search_term_string}"},"query-input":{"@type":"PropertyValueSpecification","valueRequired":true,"valueName":"search_term_string"}}],"inLanguage":"en-US"},{"@type":"Organization","@id":"https:\/\/www.cosmel.ca\/en\/#organization","name":"Cosmel","url":"https:\/\/www.cosmel.ca\/en\/","logo":{"@type":"ImageObject","inLanguage":"en-US","@id":"https:\/\/www.cosmel.ca\/en\/#\/schema\/logo\/image\/","url":"https:\/\/www.cosmel.ca\/wp-content\/uploads\/2019\/05\/logo.png","contentUrl":"https:\/\/www.cosmel.ca\/wp-content\/uploads\/2019\/05\/logo.png","width":200,"height":67,"caption":"Cosmel"},"image":{"@id":"https:\/\/www.cosmel.ca\/en\/#\/schema\/logo\/image\/"}}]}},"_links":{"self":[{"href":"https:\/\/www.cosmel.ca\/en\/wp-json\/wp\/v2\/pages\/1169","targetHints":{"allow":["GET"]}}],"collection":[{"href":"https:\/\/www.cosmel.ca\/en\/wp-json\/wp\/v2\/pages"}],"about":[{"href":"https:\/\/www.cosmel.ca\/en\/wp-json\/wp\/v2\/types\/page"}],"author":[{"embeddable":true,"href":"https:\/\/www.cosmel.ca\/en\/wp-json\/wp\/v2\/users\/1"}],"replies":[{"embeddable":true,"href":"https:\/\/www.cosmel.ca\/en\/wp-json\/wp\/v2\/comments?post=1169"}],"version-history":[{"count":4,"href":"https:\/\/www.cosmel.ca\/en\/wp-json\/wp\/v2\/pages\/1169\/revisions"}],"predecessor-version":[{"id":1807,"href":"https:\/\/www.cosmel.ca\/en\/wp-json\/wp\/v2\/pages\/1169\/revisions\/1807"}],"up":[{"embeddable":true,"href":"https:\/\/www.cosmel.ca\/en\/wp-json\/wp\/v2\/pages\/1154"}],"wp:attachment":[{"href":"https:\/\/www.cosmel.ca\/en\/wp-json\/wp\/v2\/media?parent=1169"}],"curies":[{"name":"wp","href":"https:\/\/api.w.org\/{rel}","templated":true}]}}