{"id":1164,"date":"2019-05-23T13:02:58","date_gmt":"2019-05-23T13:02:58","guid":{"rendered":"https:\/\/www.cosmel.ca\/?page_id=1164"},"modified":"2026-01-15T17:00:47","modified_gmt":"2026-01-15T17:00:47","slug":"electrical-systems-design","status":"publish","type":"page","link":"https:\/\/www.cosmel.ca\/en\/electrical-systems-design\/","title":{"rendered":"Electrical Systems Design"},"content":{"rendered":"<div class=\"wpb-content-wrapper\"><p>[vc_row full_width=&#8221;stretch_row_content_no_spaces&#8221; css=&#8221;.vc_custom_1558534291399{margin-top: 0px !important;margin-bottom: 0px !important;background-position: 0 0 !important;background-repeat: repeat !important;}&#8221;][vc_column css=&#8221;.vc_custom_1453318739529{padding-top: 0px !important;}&#8221;][pikocon_quote btn_text=&#8221;Contact-us&#8221; link2=&#8221;url:%2Fen%2Fportfolio_type%2Fconstruction-en%2F|||&#8221; text=&#8221;Commercial | Governmental | Institutional | Industrial | Multi-Housing&#8221; css=&#8221;.vc_custom_1564064837159{background-color: #ffb600 !important;}&#8221; icon=&#8221;fa fa-mobile&#8221; link=&#8221;url:%2Fen%2Fcontact%2F|||&#8221; btn_icon=&#8221;&#8221; btn_link=&#8221;&#8221; btn_text2=&#8221;Projects&#8221;][\/vc_column][\/vc_row][vc_row full_width=&#8221;stretch_row&#8221; css=&#8221;.vc_custom_1558724532082{margin-top: 0px !important;padding-top: 0px !important;padding-bottom: 0px !important;}&#8221;][vc_column][vc_empty_space height=&#8221;50px&#8221;][pikocon_title css_animation=&#8221;fadeIn&#8221; animation_delay=&#8221;0.3&#8243; title=&#8221;Design and construction services&#8221;][\/vc_column][\/vc_row][vc_row full_width=&#8221;stretch_row&#8221; css=&#8221;.vc_custom_1579300599190{padding-top: 20px !important;padding-bottom: 25px !important;background-position: 0 0 !important;background-repeat: repeat !important;}&#8221; el_class=&#8221;large_image&#8221; el_id=&#8221;design-construction-center&#8221;][vc_column width=&#8221;1\/4&#8243; offset=&#8221;vc_col-lg-3 vc_col-md-12&#8243;][pikocon_icon_content title=&#8221;Lighting&#8221; image=&#8221;1437&#8243; el_class=&#8221;img-icon&#8221;][\/pikocon_icon_content][pikocon_icon_content title=&#8221;Fire Alarm Systems&#8221; image=&#8221;1445&#8243;][\/pikocon_icon_content][pikocon_icon_content title=&#8221;Security Systems&#8221; image=&#8221;1449&#8243;][\/pikocon_icon_content][pikocon_icon_content title=&#8221;Automation&#8221; image=&#8221;1427&#8243;][\/pikocon_icon_content][\/vc_column][vc_column width=&#8221;1\/2&#8243; offset=&#8221;vc_col-lg-6 vc_col-md-12&#8243;][pikocon_thumbnail image=&#8221;1534&#8243;][\/pikocon_thumbnail][vc_column_text]<\/p>\n<h3>Electrical Systems Design<\/h3>\n<p class=\"p1\" style=\"text-align: left;\"><span class=\"s1\">Cosmel offers you a team with varied professional skills relying on experienced engineers, technicians and designers to meet all the requirements of your building electromechanical needs. Our experts specialize in the planning, drafting, design and project management for you, by offering an assortment of services in electrical engineering.<\/span><\/p>\n<p>[\/vc_column_text][\/vc_column][vc_column width=&#8221;1\/4&#8243; offset=&#8221;vc_col-lg-3 vc_col-md-12&#8243;][pikocon_icon_content title=&#8221;Access System&#8221; image=&#8221;1451&#8243;][\/pikocon_icon_content][pikocon_icon_content title=&#8221;Telecommunications&#8221; image=&#8221;1453&#8243;][\/pikocon_icon_content][pikocon_icon_content title=&#8221;Electrical Distribution&#8221; image=&#8221;1435&#8243;][\/pikocon_icon_content][pikocon_icon_content title=&#8221;Integration Plans for Public Utilities&#8221; image=&#8221;1441&#8243;][\/pikocon_icon_content][\/vc_column][\/vc_row]<\/p>\n<\/div>","protected":false},"excerpt":{"rendered":"<p>[vc_row full_width=&#8221;stretch_row_content_no_spaces&#8221; css=&#8221;.vc_custom_1558534291399{margin-top: 0px !important;margin-bottom: 0px !important;background-position: 0 0 !important;background-repeat: repeat !important;}&#8221;][vc_column css=&#8221;.vc_custom_1453318739529{padding-top: 0px !important;}&#8221;][pikocon_quote btn_text=&#8221;Contact-us&#8221; link2=&#8221;url:%2Fen%2Fportfolio_type%2Fconstruction-en%2F|||&#8221; text=&#8221;Commercial | Governmental | Institutional | Industrial | Multi-Housing&#8221; css=&#8221;.vc_custom_1564064837159{background-color: #ffb600 !important;}&#8221; icon=&#8221;fa fa-mobile&#8221; link=&#8221;url:%2Fen%2Fcontact%2F|||&#8221; btn_icon=&#8221;&#8221; btn_link=&#8221;&#8221; btn_text2=&#8221;Projects&#8221;][\/vc_column][\/vc_row][vc_row full_width=&#8221;stretch_row&#8221; css=&#8221;.vc_custom_1558724532082{margin-top: 0px !important;padding-top: 0px !important;padding-bottom: 0px !important;}&#8221;][vc_column][vc_empty_space height=&#8221;50px&#8221;][pikocon_title css_animation=&#8221;fadeIn&#8221; animation_delay=&#8221;0.3&#8243; title=&#8221;Design and construction services&#8221;][\/vc_column][\/vc_row][vc_row full_width=&#8221;stretch_row&#8221; css=&#8221;.vc_custom_1579300599190{padding-top: 20px !important;padding-bottom: 25px<a href=\"https:\/\/www.cosmel.ca\/en\/electrical-systems-design\/\" class=\"more-link\">Read More<\/a><\/p>\n","protected":false},"author":1,"featured_media":0,"parent":0,"menu_order":0,"comment_status":"closed","ping_status":"closed","template":"","meta":{"footnotes":""},"class_list":["post-1164","page","type-page","status-publish","hentry"],"yoast_head":"<!-- This site is optimized with the Yoast SEO plugin v27.4 - https:\/\/yoast.com\/product\/yoast-seo-wordpress\/ -->\n<title>Electrical Systems Design | Cosmel<\/title>\n<meta name=\"robots\" content=\"index, follow, max-snippet:-1, max-image-preview:large, max-video-preview:-1\" \/>\n<link rel=\"canonical\" href=\"https:\/\/www.cosmel.ca\/en\/electrical-systems-design\/\" \/>\n<meta property=\"og:locale\" content=\"en_US\" \/>\n<meta property=\"og:type\" content=\"article\" \/>\n<meta property=\"og:title\" content=\"Electrical Systems Design | Cosmel\" \/>\n<meta property=\"og:description\" content=\"[vc_row full_width=&#8221;stretch_row_content_no_spaces&#8221; css=&#8221;.vc_custom_1558534291399{margin-top: 0px !important;margin-bottom: 0px !important;background-position: 0 0 !important;background-repeat: repeat !important;}&#8221;][vc_column css=&#8221;.vc_custom_1453318739529{padding-top: 0px !important;}&#8221;][pikocon_quote btn_text=&#8221;Contact-us&#8221; link2=&#8221;url:%2Fen%2Fportfolio_type%2Fconstruction-en%2F|||&#8221; text=&#8221;Commercial | Governmental | Institutional | Industrial | Multi-Housing&#8221; css=&#8221;.vc_custom_1564064837159{background-color: #ffb600 !important;}&#8221; icon=&#8221;fa fa-mobile&#8221; link=&#8221;url:%2Fen%2Fcontact%2F|||&#8221; btn_icon=&#8221;&#8221; btn_link=&#8221;&#8221; btn_text2=&#8221;Projects&#8221;][\/vc_column][\/vc_row][vc_row full_width=&#8221;stretch_row&#8221; css=&#8221;.vc_custom_1558724532082{margin-top: 0px !important;padding-top: 0px !important;padding-bottom: 0px !important;}&#8221;][vc_column][vc_empty_space height=&#8221;50px&#8221;][pikocon_title css_animation=&#8221;fadeIn&#8221; animation_delay=&#8221;0.3&#8243; title=&#8221;Design and construction services&#8221;][\/vc_column][\/vc_row][vc_row full_width=&#8221;stretch_row&#8221; css=&#8221;.vc_custom_1579300599190{padding-top: 20px !important;padding-bottom: 25pxRead More\" \/>\n<meta property=\"og:url\" content=\"https:\/\/www.cosmel.ca\/en\/electrical-systems-design\/\" \/>\n<meta property=\"og:site_name\" content=\"Cosmel\" \/>\n<meta property=\"article:modified_time\" content=\"2026-01-15T17:00:47+00:00\" \/>\n<meta name=\"twitter:card\" content=\"summary_large_image\" \/>\n<meta name=\"twitter:label1\" content=\"Est. reading time\" \/>\n\t<meta name=\"twitter:data1\" content=\"1 minute\" \/>\n<script type=\"application\/ld+json\" class=\"yoast-schema-graph\">{\"@context\":\"https:\\\/\\\/schema.org\",\"@graph\":[{\"@type\":\"WebPage\",\"@id\":\"https:\\\/\\\/www.cosmel.ca\\\/en\\\/electrical-systems-design\\\/\",\"url\":\"https:\\\/\\\/www.cosmel.ca\\\/en\\\/electrical-systems-design\\\/\",\"name\":\"Electrical Systems Design | Cosmel\",\"isPartOf\":{\"@id\":\"https:\\\/\\\/www.cosmel.ca\\\/en\\\/#website\"},\"datePublished\":\"2019-05-23T13:02:58+00:00\",\"dateModified\":\"2026-01-15T17:00:47+00:00\",\"breadcrumb\":{\"@id\":\"https:\\\/\\\/www.cosmel.ca\\\/en\\\/electrical-systems-design\\\/#breadcrumb\"},\"inLanguage\":\"en-US\",\"potentialAction\":[{\"@type\":\"ReadAction\",\"target\":[\"https:\\\/\\\/www.cosmel.ca\\\/en\\\/electrical-systems-design\\\/\"]}]},{\"@type\":\"BreadcrumbList\",\"@id\":\"https:\\\/\\\/www.cosmel.ca\\\/en\\\/electrical-systems-design\\\/#breadcrumb\",\"itemListElement\":[{\"@type\":\"ListItem\",\"position\":1,\"name\":\"Accueil\",\"item\":\"https:\\\/\\\/www.cosmel.ca\\\/en\\\/accueil\\\/\"},{\"@type\":\"ListItem\",\"position\":2,\"name\":\"Electrical Systems Design\"}]},{\"@type\":\"WebSite\",\"@id\":\"https:\\\/\\\/www.cosmel.ca\\\/en\\\/#website\",\"url\":\"https:\\\/\\\/www.cosmel.ca\\\/en\\\/\",\"name\":\"Cosmel\",\"description\":\"Consultation et l\u2019ing\u00e9nierie des syst\u00e8mes m\u00e9caniques et \u00e9lectriques\",\"publisher\":{\"@id\":\"https:\\\/\\\/www.cosmel.ca\\\/en\\\/#organization\"},\"potentialAction\":[{\"@type\":\"SearchAction\",\"target\":{\"@type\":\"EntryPoint\",\"urlTemplate\":\"https:\\\/\\\/www.cosmel.ca\\\/en\\\/?s={search_term_string}\"},\"query-input\":{\"@type\":\"PropertyValueSpecification\",\"valueRequired\":true,\"valueName\":\"search_term_string\"}}],\"inLanguage\":\"en-US\"},{\"@type\":\"Organization\",\"@id\":\"https:\\\/\\\/www.cosmel.ca\\\/en\\\/#organization\",\"name\":\"Cosmel\",\"url\":\"https:\\\/\\\/www.cosmel.ca\\\/en\\\/\",\"logo\":{\"@type\":\"ImageObject\",\"inLanguage\":\"en-US\",\"@id\":\"https:\\\/\\\/www.cosmel.ca\\\/en\\\/#\\\/schema\\\/logo\\\/image\\\/\",\"url\":\"https:\\\/\\\/www.cosmel.ca\\\/wp-content\\\/uploads\\\/2019\\\/05\\\/logo.png\",\"contentUrl\":\"https:\\\/\\\/www.cosmel.ca\\\/wp-content\\\/uploads\\\/2019\\\/05\\\/logo.png\",\"width\":200,\"height\":67,\"caption\":\"Cosmel\"},\"image\":{\"@id\":\"https:\\\/\\\/www.cosmel.ca\\\/en\\\/#\\\/schema\\\/logo\\\/image\\\/\"}}]}<\/script>\n<!-- \/ Yoast SEO plugin. -->","yoast_head_json":{"title":"Electrical Systems Design | Cosmel","robots":{"index":"index","follow":"follow","max-snippet":"max-snippet:-1","max-image-preview":"max-image-preview:large","max-video-preview":"max-video-preview:-1"},"canonical":"https:\/\/www.cosmel.ca\/en\/electrical-systems-design\/","og_locale":"en_US","og_type":"article","og_title":"Electrical Systems Design | Cosmel","og_description":"[vc_row full_width=&#8221;stretch_row_content_no_spaces&#8221; css=&#8221;.vc_custom_1558534291399{margin-top: 0px !important;margin-bottom: 0px !important;background-position: 0 0 !important;background-repeat: repeat !important;}&#8221;][vc_column css=&#8221;.vc_custom_1453318739529{padding-top: 0px !important;}&#8221;][pikocon_quote btn_text=&#8221;Contact-us&#8221; link2=&#8221;url:%2Fen%2Fportfolio_type%2Fconstruction-en%2F|||&#8221; text=&#8221;Commercial | Governmental | Institutional | Industrial | Multi-Housing&#8221; css=&#8221;.vc_custom_1564064837159{background-color: #ffb600 !important;}&#8221; icon=&#8221;fa fa-mobile&#8221; link=&#8221;url:%2Fen%2Fcontact%2F|||&#8221; btn_icon=&#8221;&#8221; btn_link=&#8221;&#8221; btn_text2=&#8221;Projects&#8221;][\/vc_column][\/vc_row][vc_row full_width=&#8221;stretch_row&#8221; css=&#8221;.vc_custom_1558724532082{margin-top: 0px !important;padding-top: 0px !important;padding-bottom: 0px !important;}&#8221;][vc_column][vc_empty_space height=&#8221;50px&#8221;][pikocon_title css_animation=&#8221;fadeIn&#8221; animation_delay=&#8221;0.3&#8243; title=&#8221;Design and construction services&#8221;][\/vc_column][\/vc_row][vc_row full_width=&#8221;stretch_row&#8221; css=&#8221;.vc_custom_1579300599190{padding-top: 20px !important;padding-bottom: 25pxRead More","og_url":"https:\/\/www.cosmel.ca\/en\/electrical-systems-design\/","og_site_name":"Cosmel","article_modified_time":"2026-01-15T17:00:47+00:00","twitter_card":"summary_large_image","twitter_misc":{"Est. reading time":"1 minute"},"schema":{"@context":"https:\/\/schema.org","@graph":[{"@type":"WebPage","@id":"https:\/\/www.cosmel.ca\/en\/electrical-systems-design\/","url":"https:\/\/www.cosmel.ca\/en\/electrical-systems-design\/","name":"Electrical Systems Design | Cosmel","isPartOf":{"@id":"https:\/\/www.cosmel.ca\/en\/#website"},"datePublished":"2019-05-23T13:02:58+00:00","dateModified":"2026-01-15T17:00:47+00:00","breadcrumb":{"@id":"https:\/\/www.cosmel.ca\/en\/electrical-systems-design\/#breadcrumb"},"inLanguage":"en-US","potentialAction":[{"@type":"ReadAction","target":["https:\/\/www.cosmel.ca\/en\/electrical-systems-design\/"]}]},{"@type":"BreadcrumbList","@id":"https:\/\/www.cosmel.ca\/en\/electrical-systems-design\/#breadcrumb","itemListElement":[{"@type":"ListItem","position":1,"name":"Accueil","item":"https:\/\/www.cosmel.ca\/en\/accueil\/"},{"@type":"ListItem","position":2,"name":"Electrical Systems Design"}]},{"@type":"WebSite","@id":"https:\/\/www.cosmel.ca\/en\/#website","url":"https:\/\/www.cosmel.ca\/en\/","name":"Cosmel","description":"Consultation et l\u2019ing\u00e9nierie des syst\u00e8mes m\u00e9caniques et \u00e9lectriques","publisher":{"@id":"https:\/\/www.cosmel.ca\/en\/#organization"},"potentialAction":[{"@type":"SearchAction","target":{"@type":"EntryPoint","urlTemplate":"https:\/\/www.cosmel.ca\/en\/?s={search_term_string}"},"query-input":{"@type":"PropertyValueSpecification","valueRequired":true,"valueName":"search_term_string"}}],"inLanguage":"en-US"},{"@type":"Organization","@id":"https:\/\/www.cosmel.ca\/en\/#organization","name":"Cosmel","url":"https:\/\/www.cosmel.ca\/en\/","logo":{"@type":"ImageObject","inLanguage":"en-US","@id":"https:\/\/www.cosmel.ca\/en\/#\/schema\/logo\/image\/","url":"https:\/\/www.cosmel.ca\/wp-content\/uploads\/2019\/05\/logo.png","contentUrl":"https:\/\/www.cosmel.ca\/wp-content\/uploads\/2019\/05\/logo.png","width":200,"height":67,"caption":"Cosmel"},"image":{"@id":"https:\/\/www.cosmel.ca\/en\/#\/schema\/logo\/image\/"}}]}},"_links":{"self":[{"href":"https:\/\/www.cosmel.ca\/en\/wp-json\/wp\/v2\/pages\/1164","targetHints":{"allow":["GET"]}}],"collection":[{"href":"https:\/\/www.cosmel.ca\/en\/wp-json\/wp\/v2\/pages"}],"about":[{"href":"https:\/\/www.cosmel.ca\/en\/wp-json\/wp\/v2\/types\/page"}],"author":[{"embeddable":true,"href":"https:\/\/www.cosmel.ca\/en\/wp-json\/wp\/v2\/users\/1"}],"replies":[{"embeddable":true,"href":"https:\/\/www.cosmel.ca\/en\/wp-json\/wp\/v2\/comments?post=1164"}],"version-history":[{"count":6,"href":"https:\/\/www.cosmel.ca\/en\/wp-json\/wp\/v2\/pages\/1164\/revisions"}],"predecessor-version":[{"id":1965,"href":"https:\/\/www.cosmel.ca\/en\/wp-json\/wp\/v2\/pages\/1164\/revisions\/1965"}],"wp:attachment":[{"href":"https:\/\/www.cosmel.ca\/en\/wp-json\/wp\/v2\/media?parent=1164"}],"curies":[{"name":"wp","href":"https:\/\/api.w.org\/{rel}","templated":true}]}}