{"id":1160,"date":"2019-05-23T13:00:04","date_gmt":"2019-05-23T13:00:04","guid":{"rendered":"https:\/\/www.cosmel.ca\/?page_id=1160"},"modified":"2020-01-22T16:27:04","modified_gmt":"2020-01-22T16:27:04","slug":"mechanical-systems-design","status":"publish","type":"page","link":"https:\/\/www.cosmel.ca\/en\/mechanical-systems-design\/","title":{"rendered":"Mechanical Systems Design"},"content":{"rendered":"<div class=\"wpb-content-wrapper\"><p>[vc_row full_width=&#8221;stretch_row_content_no_spaces&#8221; css=&#8221;.vc_custom_1558534291399{margin-top: 0px !important;margin-bottom: 0px !important;background-position: 0 0 !important;background-repeat: repeat !important;}&#8221;][vc_column css=&#8221;.vc_custom_1453318739529{padding-top: 0px !important;}&#8221;][pikocon_quote btn_text=&#8221;Contact-us&#8221; link2=&#8221;url:%2Fen%2Fportfolio_type%2Fconstruction-en%2F|||&#8221; text=&#8221;Commercial | Governmental | Institutional | Industrial | Multi-Housing&#8221; css=&#8221;.vc_custom_1564064773990{background-color: #ffb600 !important;}&#8221; icon=&#8221;fa fa-mobile&#8221; link=&#8221;url:%2Fen%2Fcontact%2F|||&#8221; btn_icon=&#8221;&#8221; btn_link=&#8221;&#8221; btn_text2=&#8221;Projects&#8221;][\/vc_column][\/vc_row][vc_row full_width=&#8221;stretch_row&#8221; css=&#8221;.vc_custom_1579283311853{margin-top: 0px !important;padding-top: 0px !important;padding-bottom: 0px !important;}&#8221;][vc_column][vc_empty_space height=&#8221;50px&#8221;][pikocon_title css_animation=&#8221;fadeIn&#8221; animation_delay=&#8221;0.3&#8243; title=&#8221;Design and construction services&#8221;][\/vc_column][\/vc_row][vc_row full_width=&#8221;stretch_row&#8221; css=&#8221;.vc_custom_1579283307500{padding-bottom: 25px !important;background-position: 0 0 !important;background-repeat: repeat !important;}&#8221; el_class=&#8221;large_image&#8221;][vc_column width=&#8221;1\/4&#8243; offset=&#8221;vc_col-lg-3 vc_col-md-12&#8243;][pikocon_icon_content title=&#8221;Plumbing&#8221; image=&#8221;1443&#8243;][\/pikocon_icon_content][pikocon_icon_content title=&#8221;Fire Protection&#8221; image=&#8221;1445&#8243;][\/pikocon_icon_content][pikocon_icon_content title=&#8221;Air Conditioning&#8221; image=&#8221;1429&#8243;][\/pikocon_icon_content][pikocon_icon_content title=&#8221;Refrigeration&#8221; image=&#8221;1447&#8243;][\/pikocon_icon_content][\/vc_column][vc_column width=&#8221;1\/2&#8243; offset=&#8221;vc_col-lg-6 vc_col-md-12&#8243;][pikocon_thumbnail image=&#8221;114&#8243;][\/pikocon_thumbnail][vc_column_text]<\/p>\n<h3>Mechanical systems design<\/h3>\n<p class=\"p1\"><span class=\"s1\">Cosmel offers you a team with varied professional skills relying on experienced engineers, technicians and designers to meet all the requirements of your building electromechanical needs. Our experts specialize in the planning, drafting, design and project management for you, by offering an assortment of services in mechanical engineering.<\/span><\/p>\n<p>[\/vc_column_text][\/vc_column][vc_column width=&#8221;1\/4&#8243; offset=&#8221;vc_col-lg-3 vc_col-md-12&#8243;][pikocon_icon_content title=&#8221;Geothermal Design&#8221; image=&#8221;1439&#8243;][\/pikocon_icon_content][pikocon_icon_content title=&#8221;Ventilation&#8221; image=&#8221;1455&#8243;][\/pikocon_icon_content][pikocon_icon_content title=&#8221;Controls&#8221; image=&#8221;1431&#8243;][\/pikocon_icon_content][pikocon_icon_content title=&#8221;Energy Efficiency&#8221; image=&#8221;1435&#8243;][\/pikocon_icon_content][\/vc_column][\/vc_row]<\/p>\n<\/div>","protected":false},"excerpt":{"rendered":"<p>[vc_row full_width=&#8221;stretch_row_content_no_spaces&#8221; css=&#8221;.vc_custom_1558534291399{margin-top: 0px !important;margin-bottom: 0px !important;background-position: 0 0 !important;background-repeat: repeat !important;}&#8221;][vc_column css=&#8221;.vc_custom_1453318739529{padding-top: 0px !important;}&#8221;][pikocon_quote btn_text=&#8221;Contact-us&#8221; link2=&#8221;url:%2Fen%2Fportfolio_type%2Fconstruction-en%2F|||&#8221; text=&#8221;Commercial | Governmental | Institutional | Industrial | Multi-Housing&#8221; css=&#8221;.vc_custom_1564064773990{background-color: #ffb600 !important;}&#8221; icon=&#8221;fa fa-mobile&#8221; link=&#8221;url:%2Fen%2Fcontact%2F|||&#8221; btn_icon=&#8221;&#8221; btn_link=&#8221;&#8221; btn_text2=&#8221;Projects&#8221;][\/vc_column][\/vc_row][vc_row full_width=&#8221;stretch_row&#8221; css=&#8221;.vc_custom_1579283311853{margin-top: 0px !important;padding-top: 0px !important;padding-bottom: 0px !important;}&#8221;][vc_column][vc_empty_space height=&#8221;50px&#8221;][pikocon_title css_animation=&#8221;fadeIn&#8221; animation_delay=&#8221;0.3&#8243; title=&#8221;Design and construction services&#8221;][\/vc_column][\/vc_row][vc_row full_width=&#8221;stretch_row&#8221; css=&#8221;.vc_custom_1579283307500{padding-bottom: 25px !important;background-position: 0<a href=\"https:\/\/www.cosmel.ca\/en\/mechanical-systems-design\/\" class=\"more-link\">Read More<\/a><\/p>\n","protected":false},"author":1,"featured_media":0,"parent":0,"menu_order":0,"comment_status":"closed","ping_status":"closed","template":"","meta":{"footnotes":""},"class_list":["post-1160","page","type-page","status-publish","hentry"],"yoast_head":"<!-- This site is optimized with the Yoast SEO plugin v27.4 - https:\/\/yoast.com\/product\/yoast-seo-wordpress\/ -->\n<title>Mechanical Systems Design | Cosmel<\/title>\n<meta name=\"robots\" content=\"index, follow, max-snippet:-1, max-image-preview:large, max-video-preview:-1\" \/>\n<link rel=\"canonical\" href=\"https:\/\/www.cosmel.ca\/en\/mechanical-systems-design\/\" \/>\n<meta property=\"og:locale\" content=\"en_US\" \/>\n<meta property=\"og:type\" content=\"article\" \/>\n<meta property=\"og:title\" content=\"Mechanical Systems Design | Cosmel\" \/>\n<meta property=\"og:description\" content=\"[vc_row full_width=&#8221;stretch_row_content_no_spaces&#8221; css=&#8221;.vc_custom_1558534291399{margin-top: 0px !important;margin-bottom: 0px !important;background-position: 0 0 !important;background-repeat: repeat !important;}&#8221;][vc_column css=&#8221;.vc_custom_1453318739529{padding-top: 0px !important;}&#8221;][pikocon_quote btn_text=&#8221;Contact-us&#8221; link2=&#8221;url:%2Fen%2Fportfolio_type%2Fconstruction-en%2F|||&#8221; text=&#8221;Commercial | Governmental | Institutional | Industrial | Multi-Housing&#8221; css=&#8221;.vc_custom_1564064773990{background-color: #ffb600 !important;}&#8221; icon=&#8221;fa fa-mobile&#8221; link=&#8221;url:%2Fen%2Fcontact%2F|||&#8221; btn_icon=&#8221;&#8221; btn_link=&#8221;&#8221; btn_text2=&#8221;Projects&#8221;][\/vc_column][\/vc_row][vc_row full_width=&#8221;stretch_row&#8221; css=&#8221;.vc_custom_1579283311853{margin-top: 0px !important;padding-top: 0px !important;padding-bottom: 0px !important;}&#8221;][vc_column][vc_empty_space height=&#8221;50px&#8221;][pikocon_title css_animation=&#8221;fadeIn&#8221; animation_delay=&#8221;0.3&#8243; title=&#8221;Design and construction services&#8221;][\/vc_column][\/vc_row][vc_row full_width=&#8221;stretch_row&#8221; css=&#8221;.vc_custom_1579283307500{padding-bottom: 25px !important;background-position: 0Read More\" \/>\n<meta property=\"og:url\" content=\"https:\/\/www.cosmel.ca\/en\/mechanical-systems-design\/\" \/>\n<meta property=\"og:site_name\" content=\"Cosmel\" \/>\n<meta property=\"article:modified_time\" content=\"2020-01-22T16:27:04+00:00\" \/>\n<meta name=\"twitter:card\" content=\"summary_large_image\" \/>\n<meta name=\"twitter:label1\" content=\"Est. reading time\" \/>\n\t<meta name=\"twitter:data1\" content=\"2 minutes\" \/>\n<script type=\"application\/ld+json\" class=\"yoast-schema-graph\">{\"@context\":\"https:\\\/\\\/schema.org\",\"@graph\":[{\"@type\":\"WebPage\",\"@id\":\"https:\\\/\\\/www.cosmel.ca\\\/en\\\/mechanical-systems-design\\\/\",\"url\":\"https:\\\/\\\/www.cosmel.ca\\\/en\\\/mechanical-systems-design\\\/\",\"name\":\"Mechanical Systems Design | Cosmel\",\"isPartOf\":{\"@id\":\"https:\\\/\\\/www.cosmel.ca\\\/en\\\/#website\"},\"datePublished\":\"2019-05-23T13:00:04+00:00\",\"dateModified\":\"2020-01-22T16:27:04+00:00\",\"breadcrumb\":{\"@id\":\"https:\\\/\\\/www.cosmel.ca\\\/en\\\/mechanical-systems-design\\\/#breadcrumb\"},\"inLanguage\":\"en-US\",\"potentialAction\":[{\"@type\":\"ReadAction\",\"target\":[\"https:\\\/\\\/www.cosmel.ca\\\/en\\\/mechanical-systems-design\\\/\"]}]},{\"@type\":\"BreadcrumbList\",\"@id\":\"https:\\\/\\\/www.cosmel.ca\\\/en\\\/mechanical-systems-design\\\/#breadcrumb\",\"itemListElement\":[{\"@type\":\"ListItem\",\"position\":1,\"name\":\"Accueil\",\"item\":\"https:\\\/\\\/www.cosmel.ca\\\/en\\\/accueil\\\/\"},{\"@type\":\"ListItem\",\"position\":2,\"name\":\"Mechanical Systems Design\"}]},{\"@type\":\"WebSite\",\"@id\":\"https:\\\/\\\/www.cosmel.ca\\\/en\\\/#website\",\"url\":\"https:\\\/\\\/www.cosmel.ca\\\/en\\\/\",\"name\":\"Cosmel\",\"description\":\"Consultation et l\u2019ing\u00e9nierie des syst\u00e8mes m\u00e9caniques et \u00e9lectriques\",\"publisher\":{\"@id\":\"https:\\\/\\\/www.cosmel.ca\\\/en\\\/#organization\"},\"potentialAction\":[{\"@type\":\"SearchAction\",\"target\":{\"@type\":\"EntryPoint\",\"urlTemplate\":\"https:\\\/\\\/www.cosmel.ca\\\/en\\\/?s={search_term_string}\"},\"query-input\":{\"@type\":\"PropertyValueSpecification\",\"valueRequired\":true,\"valueName\":\"search_term_string\"}}],\"inLanguage\":\"en-US\"},{\"@type\":\"Organization\",\"@id\":\"https:\\\/\\\/www.cosmel.ca\\\/en\\\/#organization\",\"name\":\"Cosmel\",\"url\":\"https:\\\/\\\/www.cosmel.ca\\\/en\\\/\",\"logo\":{\"@type\":\"ImageObject\",\"inLanguage\":\"en-US\",\"@id\":\"https:\\\/\\\/www.cosmel.ca\\\/en\\\/#\\\/schema\\\/logo\\\/image\\\/\",\"url\":\"https:\\\/\\\/www.cosmel.ca\\\/wp-content\\\/uploads\\\/2019\\\/05\\\/logo.png\",\"contentUrl\":\"https:\\\/\\\/www.cosmel.ca\\\/wp-content\\\/uploads\\\/2019\\\/05\\\/logo.png\",\"width\":200,\"height\":67,\"caption\":\"Cosmel\"},\"image\":{\"@id\":\"https:\\\/\\\/www.cosmel.ca\\\/en\\\/#\\\/schema\\\/logo\\\/image\\\/\"}}]}<\/script>\n<!-- \/ Yoast SEO plugin. -->","yoast_head_json":{"title":"Mechanical Systems Design | Cosmel","robots":{"index":"index","follow":"follow","max-snippet":"max-snippet:-1","max-image-preview":"max-image-preview:large","max-video-preview":"max-video-preview:-1"},"canonical":"https:\/\/www.cosmel.ca\/en\/mechanical-systems-design\/","og_locale":"en_US","og_type":"article","og_title":"Mechanical Systems Design | Cosmel","og_description":"[vc_row full_width=&#8221;stretch_row_content_no_spaces&#8221; css=&#8221;.vc_custom_1558534291399{margin-top: 0px !important;margin-bottom: 0px !important;background-position: 0 0 !important;background-repeat: repeat !important;}&#8221;][vc_column css=&#8221;.vc_custom_1453318739529{padding-top: 0px !important;}&#8221;][pikocon_quote btn_text=&#8221;Contact-us&#8221; link2=&#8221;url:%2Fen%2Fportfolio_type%2Fconstruction-en%2F|||&#8221; text=&#8221;Commercial | Governmental | Institutional | Industrial | Multi-Housing&#8221; css=&#8221;.vc_custom_1564064773990{background-color: #ffb600 !important;}&#8221; icon=&#8221;fa fa-mobile&#8221; link=&#8221;url:%2Fen%2Fcontact%2F|||&#8221; btn_icon=&#8221;&#8221; btn_link=&#8221;&#8221; btn_text2=&#8221;Projects&#8221;][\/vc_column][\/vc_row][vc_row full_width=&#8221;stretch_row&#8221; css=&#8221;.vc_custom_1579283311853{margin-top: 0px !important;padding-top: 0px !important;padding-bottom: 0px !important;}&#8221;][vc_column][vc_empty_space height=&#8221;50px&#8221;][pikocon_title css_animation=&#8221;fadeIn&#8221; animation_delay=&#8221;0.3&#8243; title=&#8221;Design and construction services&#8221;][\/vc_column][\/vc_row][vc_row full_width=&#8221;stretch_row&#8221; css=&#8221;.vc_custom_1579283307500{padding-bottom: 25px !important;background-position: 0Read More","og_url":"https:\/\/www.cosmel.ca\/en\/mechanical-systems-design\/","og_site_name":"Cosmel","article_modified_time":"2020-01-22T16:27:04+00:00","twitter_card":"summary_large_image","twitter_misc":{"Est. reading time":"2 minutes"},"schema":{"@context":"https:\/\/schema.org","@graph":[{"@type":"WebPage","@id":"https:\/\/www.cosmel.ca\/en\/mechanical-systems-design\/","url":"https:\/\/www.cosmel.ca\/en\/mechanical-systems-design\/","name":"Mechanical Systems Design | Cosmel","isPartOf":{"@id":"https:\/\/www.cosmel.ca\/en\/#website"},"datePublished":"2019-05-23T13:00:04+00:00","dateModified":"2020-01-22T16:27:04+00:00","breadcrumb":{"@id":"https:\/\/www.cosmel.ca\/en\/mechanical-systems-design\/#breadcrumb"},"inLanguage":"en-US","potentialAction":[{"@type":"ReadAction","target":["https:\/\/www.cosmel.ca\/en\/mechanical-systems-design\/"]}]},{"@type":"BreadcrumbList","@id":"https:\/\/www.cosmel.ca\/en\/mechanical-systems-design\/#breadcrumb","itemListElement":[{"@type":"ListItem","position":1,"name":"Accueil","item":"https:\/\/www.cosmel.ca\/en\/accueil\/"},{"@type":"ListItem","position":2,"name":"Mechanical Systems Design"}]},{"@type":"WebSite","@id":"https:\/\/www.cosmel.ca\/en\/#website","url":"https:\/\/www.cosmel.ca\/en\/","name":"Cosmel","description":"Consultation et l\u2019ing\u00e9nierie des syst\u00e8mes m\u00e9caniques et \u00e9lectriques","publisher":{"@id":"https:\/\/www.cosmel.ca\/en\/#organization"},"potentialAction":[{"@type":"SearchAction","target":{"@type":"EntryPoint","urlTemplate":"https:\/\/www.cosmel.ca\/en\/?s={search_term_string}"},"query-input":{"@type":"PropertyValueSpecification","valueRequired":true,"valueName":"search_term_string"}}],"inLanguage":"en-US"},{"@type":"Organization","@id":"https:\/\/www.cosmel.ca\/en\/#organization","name":"Cosmel","url":"https:\/\/www.cosmel.ca\/en\/","logo":{"@type":"ImageObject","inLanguage":"en-US","@id":"https:\/\/www.cosmel.ca\/en\/#\/schema\/logo\/image\/","url":"https:\/\/www.cosmel.ca\/wp-content\/uploads\/2019\/05\/logo.png","contentUrl":"https:\/\/www.cosmel.ca\/wp-content\/uploads\/2019\/05\/logo.png","width":200,"height":67,"caption":"Cosmel"},"image":{"@id":"https:\/\/www.cosmel.ca\/en\/#\/schema\/logo\/image\/"}}]}},"_links":{"self":[{"href":"https:\/\/www.cosmel.ca\/en\/wp-json\/wp\/v2\/pages\/1160","targetHints":{"allow":["GET"]}}],"collection":[{"href":"https:\/\/www.cosmel.ca\/en\/wp-json\/wp\/v2\/pages"}],"about":[{"href":"https:\/\/www.cosmel.ca\/en\/wp-json\/wp\/v2\/types\/page"}],"author":[{"embeddable":true,"href":"https:\/\/www.cosmel.ca\/en\/wp-json\/wp\/v2\/users\/1"}],"replies":[{"embeddable":true,"href":"https:\/\/www.cosmel.ca\/en\/wp-json\/wp\/v2\/comments?post=1160"}],"version-history":[{"count":5,"href":"https:\/\/www.cosmel.ca\/en\/wp-json\/wp\/v2\/pages\/1160\/revisions"}],"predecessor-version":[{"id":1837,"href":"https:\/\/www.cosmel.ca\/en\/wp-json\/wp\/v2\/pages\/1160\/revisions\/1837"}],"wp:attachment":[{"href":"https:\/\/www.cosmel.ca\/en\/wp-json\/wp\/v2\/media?parent=1160"}],"curies":[{"name":"wp","href":"https:\/\/api.w.org\/{rel}","templated":true}]}}