{"id":1154,"date":"2019-05-23T12:46:33","date_gmt":"2019-05-23T12:46:33","guid":{"rendered":"https:\/\/www.cosmel.ca\/?page_id=1154"},"modified":"2020-01-17T18:23:28","modified_gmt":"2020-01-17T18:23:28","slug":"company","status":"publish","type":"page","link":"https:\/\/www.cosmel.ca\/en\/company\/","title":{"rendered":"Company"},"content":{"rendered":"<div class=\"wpb-content-wrapper\"><p>[vc_row][vc_column][vc_column_text]<\/p>\n<p class=\"lead\"><span style=\"font-weight: 400;\">Founded in 2004, Cosmel specializes in consultation and mechanical &amp; electrical building systems<\/span> <span style=\"font-weight: 400;\">engineering. The inspiration behind our name is drawn from the first syllables of this specialization: <\/span><b>CO<\/b><span style=\"font-weight: 400;\">nsultant<\/span><b>S<\/b><span style=\"font-weight: 400;\"> in <\/span><b>M<\/b><span style=\"font-weight: 400;\">echanical-<\/span><b>El<\/b><span style=\"font-weight: 400;\">ectrical engineering. <\/span><\/p>\n<p>[\/vc_column_text][\/vc_column][\/vc_row][vc_row][vc_column][vc_column_text]<span style=\"font-weight: 400;\">At Cosmel, we work daily towards\u00a0bringing buildings to life. Our <\/span><b>mission<\/b><span style=\"font-weight: 400;\"> is therefore simple: <\/span><b>to animate buildings to bring them to life.\u00a0<\/b><\/p>\n<p><span style=\"font-weight: 400;\">Since its humble beginnings, Cosmel has built a credibility project by project that continues to grow. Based on dynamic, innovative and versatile experts, our team has evolved to present customers with a solid technical foundation, integrated services and solutions adapted to specific needs, always overcoming challenges and complex issues. <\/span>[\/vc_column_text][\/vc_column][\/vc_row][vc_row full_width=&#8221;stretch_row&#8221;][vc_column width=&#8221;1\/2&#8243;][pikocon_thumbnail css_animation=&#8221;fadeInDown&#8221; font_weight=&#8221;500&#8243; font_size=&#8221;16&#8243; title=&#8221;Personalized customer approach&#8221; image=&#8221;1792&#8243;]In fulfilling this mission, Cosmel stands out due to our personalized customer approach and attention to detail. Cosmel&#8217;s credibility was established project by project and continues to grow.[\/pikocon_thumbnail][\/vc_column][vc_column width=&#8221;1\/2&#8243;][pikocon_thumbnail css_animation=&#8221;fadeInDown&#8221; font_weight=&#8221;500&#8243; font_size=&#8221;16&#8243; title=&#8221;Our Commitment&#8221; sub_title=&#8221;&#8221; image=&#8221;1794&#8243;]We build client relationships based on the values that define us: teamwork, attentiveness, respect, professionalism, and quality. We constantly strive to offer the best service at a fair price.[\/pikocon_thumbnail][\/vc_column][\/vc_row]<\/p>\n<\/div>","protected":false},"excerpt":{"rendered":"<p>[vc_row][vc_column][vc_column_text] Founded in 2004, Cosmel specializes in consultation and mechanical &amp; electrical building systems engineering. The inspiration behind our name is drawn from the first syllables of this specialization: COnsultantS in Mechanical-Electrical engineering. [\/vc_column_text][\/vc_column][\/vc_row][vc_row][vc_column][vc_column_text]At Cosmel, we work daily towards\u00a0bringing buildings to life. Our mission is therefore simple: to animate buildings to bring them to life.\u00a0<a href=\"https:\/\/www.cosmel.ca\/en\/company\/\" class=\"more-link\">Read More<\/a><\/p>\n","protected":false},"author":1,"featured_media":0,"parent":0,"menu_order":0,"comment_status":"closed","ping_status":"closed","template":"page-templates\/left-sidebar.php","meta":{"footnotes":""},"class_list":["post-1154","page","type-page","status-publish","hentry"],"yoast_head":"<!-- This site is optimized with the Yoast SEO plugin v27.4 - https:\/\/yoast.com\/product\/yoast-seo-wordpress\/ -->\n<title>Company | Cosmel<\/title>\n<meta name=\"robots\" content=\"index, follow, max-snippet:-1, max-image-preview:large, max-video-preview:-1\" \/>\n<link rel=\"canonical\" href=\"https:\/\/www.cosmel.ca\/en\/company\/\" \/>\n<meta property=\"og:locale\" content=\"en_US\" \/>\n<meta property=\"og:type\" content=\"article\" \/>\n<meta property=\"og:title\" content=\"Company | Cosmel\" \/>\n<meta property=\"og:description\" content=\"[vc_row][vc_column][vc_column_text] Founded in 2004, Cosmel specializes in consultation and mechanical &amp; electrical building systems engineering. The inspiration behind our name is drawn from the first syllables of this specialization: COnsultantS in Mechanical-Electrical engineering. [\/vc_column_text][\/vc_column][\/vc_row][vc_row][vc_column][vc_column_text]At Cosmel, we work daily towards\u00a0bringing buildings to life. Our mission is therefore simple: to animate buildings to bring them to life.\u00a0Read More\" \/>\n<meta property=\"og:url\" content=\"https:\/\/www.cosmel.ca\/en\/company\/\" \/>\n<meta property=\"og:site_name\" content=\"Cosmel\" \/>\n<meta property=\"article:modified_time\" content=\"2020-01-17T18:23:28+00:00\" \/>\n<meta name=\"twitter:card\" content=\"summary_large_image\" \/>\n<meta name=\"twitter:label1\" content=\"Est. reading time\" \/>\n\t<meta name=\"twitter:data1\" content=\"1 minute\" \/>\n<script type=\"application\/ld+json\" class=\"yoast-schema-graph\">{\"@context\":\"https:\\\/\\\/schema.org\",\"@graph\":[{\"@type\":\"WebPage\",\"@id\":\"https:\\\/\\\/www.cosmel.ca\\\/en\\\/company\\\/\",\"url\":\"https:\\\/\\\/www.cosmel.ca\\\/en\\\/company\\\/\",\"name\":\"Company | Cosmel\",\"isPartOf\":{\"@id\":\"https:\\\/\\\/www.cosmel.ca\\\/en\\\/#website\"},\"datePublished\":\"2019-05-23T12:46:33+00:00\",\"dateModified\":\"2020-01-17T18:23:28+00:00\",\"breadcrumb\":{\"@id\":\"https:\\\/\\\/www.cosmel.ca\\\/en\\\/company\\\/#breadcrumb\"},\"inLanguage\":\"en-US\",\"potentialAction\":[{\"@type\":\"ReadAction\",\"target\":[\"https:\\\/\\\/www.cosmel.ca\\\/en\\\/company\\\/\"]}]},{\"@type\":\"BreadcrumbList\",\"@id\":\"https:\\\/\\\/www.cosmel.ca\\\/en\\\/company\\\/#breadcrumb\",\"itemListElement\":[{\"@type\":\"ListItem\",\"position\":1,\"name\":\"Accueil\",\"item\":\"https:\\\/\\\/www.cosmel.ca\\\/en\\\/accueil\\\/\"},{\"@type\":\"ListItem\",\"position\":2,\"name\":\"Company\"}]},{\"@type\":\"WebSite\",\"@id\":\"https:\\\/\\\/www.cosmel.ca\\\/en\\\/#website\",\"url\":\"https:\\\/\\\/www.cosmel.ca\\\/en\\\/\",\"name\":\"Cosmel\",\"description\":\"Consultation et l\u2019ing\u00e9nierie des syst\u00e8mes m\u00e9caniques et \u00e9lectriques\",\"publisher\":{\"@id\":\"https:\\\/\\\/www.cosmel.ca\\\/en\\\/#organization\"},\"potentialAction\":[{\"@type\":\"SearchAction\",\"target\":{\"@type\":\"EntryPoint\",\"urlTemplate\":\"https:\\\/\\\/www.cosmel.ca\\\/en\\\/?s={search_term_string}\"},\"query-input\":{\"@type\":\"PropertyValueSpecification\",\"valueRequired\":true,\"valueName\":\"search_term_string\"}}],\"inLanguage\":\"en-US\"},{\"@type\":\"Organization\",\"@id\":\"https:\\\/\\\/www.cosmel.ca\\\/en\\\/#organization\",\"name\":\"Cosmel\",\"url\":\"https:\\\/\\\/www.cosmel.ca\\\/en\\\/\",\"logo\":{\"@type\":\"ImageObject\",\"inLanguage\":\"en-US\",\"@id\":\"https:\\\/\\\/www.cosmel.ca\\\/en\\\/#\\\/schema\\\/logo\\\/image\\\/\",\"url\":\"https:\\\/\\\/www.cosmel.ca\\\/wp-content\\\/uploads\\\/2019\\\/05\\\/logo.png\",\"contentUrl\":\"https:\\\/\\\/www.cosmel.ca\\\/wp-content\\\/uploads\\\/2019\\\/05\\\/logo.png\",\"width\":200,\"height\":67,\"caption\":\"Cosmel\"},\"image\":{\"@id\":\"https:\\\/\\\/www.cosmel.ca\\\/en\\\/#\\\/schema\\\/logo\\\/image\\\/\"}}]}<\/script>\n<!-- \/ Yoast SEO plugin. -->","yoast_head_json":{"title":"Company | Cosmel","robots":{"index":"index","follow":"follow","max-snippet":"max-snippet:-1","max-image-preview":"max-image-preview:large","max-video-preview":"max-video-preview:-1"},"canonical":"https:\/\/www.cosmel.ca\/en\/company\/","og_locale":"en_US","og_type":"article","og_title":"Company | Cosmel","og_description":"[vc_row][vc_column][vc_column_text] Founded in 2004, Cosmel specializes in consultation and mechanical &amp; electrical building systems engineering. The inspiration behind our name is drawn from the first syllables of this specialization: COnsultantS in Mechanical-Electrical engineering. [\/vc_column_text][\/vc_column][\/vc_row][vc_row][vc_column][vc_column_text]At Cosmel, we work daily towards\u00a0bringing buildings to life. Our mission is therefore simple: to animate buildings to bring them to life.\u00a0Read More","og_url":"https:\/\/www.cosmel.ca\/en\/company\/","og_site_name":"Cosmel","article_modified_time":"2020-01-17T18:23:28+00:00","twitter_card":"summary_large_image","twitter_misc":{"Est. reading time":"1 minute"},"schema":{"@context":"https:\/\/schema.org","@graph":[{"@type":"WebPage","@id":"https:\/\/www.cosmel.ca\/en\/company\/","url":"https:\/\/www.cosmel.ca\/en\/company\/","name":"Company | Cosmel","isPartOf":{"@id":"https:\/\/www.cosmel.ca\/en\/#website"},"datePublished":"2019-05-23T12:46:33+00:00","dateModified":"2020-01-17T18:23:28+00:00","breadcrumb":{"@id":"https:\/\/www.cosmel.ca\/en\/company\/#breadcrumb"},"inLanguage":"en-US","potentialAction":[{"@type":"ReadAction","target":["https:\/\/www.cosmel.ca\/en\/company\/"]}]},{"@type":"BreadcrumbList","@id":"https:\/\/www.cosmel.ca\/en\/company\/#breadcrumb","itemListElement":[{"@type":"ListItem","position":1,"name":"Accueil","item":"https:\/\/www.cosmel.ca\/en\/accueil\/"},{"@type":"ListItem","position":2,"name":"Company"}]},{"@type":"WebSite","@id":"https:\/\/www.cosmel.ca\/en\/#website","url":"https:\/\/www.cosmel.ca\/en\/","name":"Cosmel","description":"Consultation et l\u2019ing\u00e9nierie des syst\u00e8mes m\u00e9caniques et \u00e9lectriques","publisher":{"@id":"https:\/\/www.cosmel.ca\/en\/#organization"},"potentialAction":[{"@type":"SearchAction","target":{"@type":"EntryPoint","urlTemplate":"https:\/\/www.cosmel.ca\/en\/?s={search_term_string}"},"query-input":{"@type":"PropertyValueSpecification","valueRequired":true,"valueName":"search_term_string"}}],"inLanguage":"en-US"},{"@type":"Organization","@id":"https:\/\/www.cosmel.ca\/en\/#organization","name":"Cosmel","url":"https:\/\/www.cosmel.ca\/en\/","logo":{"@type":"ImageObject","inLanguage":"en-US","@id":"https:\/\/www.cosmel.ca\/en\/#\/schema\/logo\/image\/","url":"https:\/\/www.cosmel.ca\/wp-content\/uploads\/2019\/05\/logo.png","contentUrl":"https:\/\/www.cosmel.ca\/wp-content\/uploads\/2019\/05\/logo.png","width":200,"height":67,"caption":"Cosmel"},"image":{"@id":"https:\/\/www.cosmel.ca\/en\/#\/schema\/logo\/image\/"}}]}},"_links":{"self":[{"href":"https:\/\/www.cosmel.ca\/en\/wp-json\/wp\/v2\/pages\/1154","targetHints":{"allow":["GET"]}}],"collection":[{"href":"https:\/\/www.cosmel.ca\/en\/wp-json\/wp\/v2\/pages"}],"about":[{"href":"https:\/\/www.cosmel.ca\/en\/wp-json\/wp\/v2\/types\/page"}],"author":[{"embeddable":true,"href":"https:\/\/www.cosmel.ca\/en\/wp-json\/wp\/v2\/users\/1"}],"replies":[{"embeddable":true,"href":"https:\/\/www.cosmel.ca\/en\/wp-json\/wp\/v2\/comments?post=1154"}],"version-history":[{"count":5,"href":"https:\/\/www.cosmel.ca\/en\/wp-json\/wp\/v2\/pages\/1154\/revisions"}],"predecessor-version":[{"id":1825,"href":"https:\/\/www.cosmel.ca\/en\/wp-json\/wp\/v2\/pages\/1154\/revisions\/1825"}],"wp:attachment":[{"href":"https:\/\/www.cosmel.ca\/en\/wp-json\/wp\/v2\/media?parent=1154"}],"curies":[{"name":"wp","href":"https:\/\/api.w.org\/{rel}","templated":true}]}}